{"id":116,"date":"2026-01-21T10:24:26","date_gmt":"2026-01-21T09:24:26","guid":{"rendered":"https:\/\/wiosnabariatryczna.pl\/?page_id=116"},"modified":"2026-04-01T09:47:16","modified_gmt":"2026-04-01T07:47:16","slug":"rejestracja","status":"publish","type":"page","link":"https:\/\/wiosnabariatryczna.pl\/?page_id=116","title":{"rendered":"Rejestracja"},"content":{"rendered":"\t\t<div data-elementor-type=\"wp-page\" data-elementor-id=\"116\" class=\"elementor elementor-116\" data-elementor-post-type=\"page\">\n\t\t\t\t\t\t<section class=\"elementor-section elementor-top-section elementor-element elementor-element-504066a1 elementor-section-boxed elementor-section-height-default elementor-section-height-default\" data-id=\"504066a1\" data-element_type=\"section\" data-e-type=\"section\" data-settings=\"{&quot;background_background&quot;:&quot;gradient&quot;}\">\n\t\t\t\t\t\t\t<div class=\"elementor-background-overlay\"><\/div>\n\t\t\t\t\t\t\t<div class=\"elementor-container elementor-column-gap-default\">\n\t\t\t\t\t<div class=\"elementor-column elementor-col-100 elementor-top-column elementor-element elementor-element-3102d5f8\" data-id=\"3102d5f8\" data-element_type=\"column\" data-e-type=\"column\">\n\t\t\t<div class=\"elementor-widget-wrap elementor-element-populated\">\n\t\t\t\t\t\t<div class=\"elementor-element elementor-element-797c982d elementor-invisible elementor-widget elementor-widget-heading\" data-id=\"797c982d\" data-element_type=\"widget\" data-e-type=\"widget\" data-settings=\"{&quot;_animation&quot;:&quot;fadeInUp&quot;}\" data-widget_type=\"heading.default\">\n\t\t\t\t\t<h1 class=\"elementor-heading-title elementor-size-default\">Rejestracja<\/h1>\t\t\t\t<\/div>\n\t\t\t\t<div class=\"elementor-element elementor-element-6865d6a4 elementor-invisible elementor-widget elementor-widget-heading\" data-id=\"6865d6a4\" data-element_type=\"widget\" data-e-type=\"widget\" data-settings=\"{&quot;_animation&quot;:&quot;fadeInDown&quot;}\" data-widget_type=\"heading.default\">\n\t\t\t\t\t<h3 class=\"elementor-heading-title elementor-size-default\">ZAPRASZAMY DO REJESTRACJI&nbsp; UDZIA\u0141U W KONFERENCJI WARSZAWSKA WIOSNA BARIATRYCZNA w dniach 21-22 maja 2026 r.&nbsp;<\/h3>\t\t\t\t<\/div>\n\t\t\t\t\t<\/div>\n\t\t<\/div>\n\t\t\t\t\t<\/div>\n\t\t<\/section>\n\t\t\t\t<section class=\"elementor-section elementor-top-section elementor-element elementor-element-20ba71d0 elementor-section-boxed elementor-section-height-default elementor-section-height-default\" data-id=\"20ba71d0\" data-element_type=\"section\" data-e-type=\"section\" data-settings=\"{&quot;background_background&quot;:&quot;classic&quot;}\">\n\t\t\t\t\t\t\t<div class=\"elementor-background-overlay\"><\/div>\n\t\t\t\t\t\t\t<div class=\"elementor-container elementor-column-gap-default\">\n\t\t\t\t\t<div class=\"elementor-column elementor-col-50 elementor-top-column elementor-element elementor-element-fbdeabc elementor-invisible\" data-id=\"fbdeabc\" data-element_type=\"column\" data-e-type=\"column\" data-settings=\"{&quot;background_background&quot;:&quot;classic&quot;,&quot;animation&quot;:&quot;fadeInLeft&quot;}\">\n\t\t\t<div class=\"elementor-widget-wrap elementor-element-populated\">\n\t\t\t\t\t\t<div class=\"elementor-element elementor-element-587057db elementor-widget elementor-widget-heading\" data-id=\"587057db\" data-element_type=\"widget\" data-e-type=\"widget\" data-widget_type=\"heading.default\">\n\t\t\t\t\t<h2 class=\"elementor-heading-title elementor-size-default\">Zarejestruj udzia\u0142<\/h2>\t\t\t\t<\/div>\n\t\t\t\t<div class=\"elementor-element elementor-element-3a40c0e6 elementor-widget elementor-widget-text-editor\" data-id=\"3a40c0e6\" data-element_type=\"widget\" data-e-type=\"widget\" data-widget_type=\"text-editor.default\">\n\t\t\t\t\t\t\t\t\t<p><strong>Warunkiem uczestnictwa w V edycji WWB 2026 jest wniesienie op\u0142aty za udzia\u0142 w Konferencji w wysoko\u015bci 250 z\u0142otych<\/strong> oraz dokonanie rejestracji za pomoc\u0105 poni\u017cej zamieszczonego formularza. <strong>Sama rejestracja za pomoc\u0105 formularza bez dokonania w\/w wp\u0142aty nie upowa\u017cnia do uczestnictwa w Konferencji<\/strong><\/p><p>Podczas trwania konferencji zapewniony jest catering. Wieczorem, pierwszego dnia konferencji, uroczysta kolacja dla uczestnik\u00f3w.<\/p>\t\t\t\t\t\t\t\t<\/div>\n\t\t\t\t<div class=\"elementor-element elementor-element-3c447d90 elementor-button-align-start elementor-widget elementor-widget-form\" data-id=\"3c447d90\" data-element_type=\"widget\" data-e-type=\"widget\" data-settings=\"{&quot;step_next_label&quot;:&quot;Next&quot;,&quot;step_previous_label&quot;:&quot;Previous&quot;,&quot;button_width&quot;:&quot;100&quot;,&quot;step_type&quot;:&quot;number_text&quot;,&quot;step_icon_shape&quot;:&quot;circle&quot;}\" data-widget_type=\"form.default\">\n\t\t\t\t\t\t\t<form class=\"elementor-form\" method=\"post\" name=\"New Form\" aria-label=\"New Form\">\n\t\t\t<input type=\"hidden\" name=\"post_id\" value=\"116\"\/>\n\t\t\t<input type=\"hidden\" name=\"form_id\" value=\"3c447d90\"\/>\n\t\t\t<input type=\"hidden\" name=\"referer_title\" value=\"Rejestracja\" \/>\n\n\t\t\t\t\t\t\t<input type=\"hidden\" name=\"queried_id\" value=\"116\"\/>\n\t\t\t\n\t\t\t<div class=\"elementor-form-fields-wrapper elementor-labels-above\">\n\t\t\t\t\t\t\t\t<div class=\"elementor-field-type-text elementor-field-group elementor-column elementor-field-group-name elementor-col-50\">\n\t\t\t\t\t\t\t\t\t\t\t\t<label for=\"form-field-name\" class=\"elementor-field-label\">\n\t\t\t\t\t\t\t\tImi\u0119\t\t\t\t\t\t\t<\/label>\n\t\t\t\t\t\t\t\t\t\t\t\t\t\t<input size=\"1\" type=\"text\" name=\"form_fields[name]\" id=\"form-field-name\" class=\"elementor-field elementor-size-md  elementor-field-textual\" placeholder=\"Imi\u0119\">\n\t\t\t\t\t\t\t\t\t\t\t<\/div>\n\t\t\t\t\t\t\t\t<div class=\"elementor-field-type-text elementor-field-group elementor-column elementor-field-group-field_8d13f09 elementor-col-50\">\n\t\t\t\t\t\t\t\t\t\t\t\t<label for=\"form-field-field_8d13f09\" class=\"elementor-field-label\">\n\t\t\t\t\t\t\t\tNazwisko\t\t\t\t\t\t\t<\/label>\n\t\t\t\t\t\t\t\t\t\t\t\t\t\t<input size=\"1\" type=\"text\" name=\"form_fields[field_8d13f09]\" id=\"form-field-field_8d13f09\" class=\"elementor-field elementor-size-md  elementor-field-textual\" placeholder=\"Nazwisko\">\n\t\t\t\t\t\t\t\t\t\t\t<\/div>\n\t\t\t\t\t\t\t\t<div class=\"elementor-field-type-email elementor-field-group elementor-column elementor-field-group-email elementor-col-50 elementor-field-required\">\n\t\t\t\t\t\t\t\t\t\t\t\t<label for=\"form-field-email\" class=\"elementor-field-label\">\n\t\t\t\t\t\t\t\tEmail\t\t\t\t\t\t\t<\/label>\n\t\t\t\t\t\t\t\t\t\t\t\t\t\t<input size=\"1\" type=\"email\" name=\"form_fields[email]\" id=\"form-field-email\" class=\"elementor-field elementor-size-md  elementor-field-textual\" placeholder=\"Email\" required=\"required\">\n\t\t\t\t\t\t\t\t\t\t\t<\/div>\n\t\t\t\t\t\t\t\t<div class=\"elementor-field-type-tel elementor-field-group elementor-column elementor-field-group-field_3685ccc elementor-col-50 elementor-field-required\">\n\t\t\t\t\t\t\t\t\t\t\t\t<label for=\"form-field-field_3685ccc\" class=\"elementor-field-label\">\n\t\t\t\t\t\t\t\tNumer telefonu\t\t\t\t\t\t\t<\/label>\n\t\t\t\t\t\t\t\t<input size=\"1\" type=\"tel\" name=\"form_fields[field_3685ccc]\" id=\"form-field-field_3685ccc\" class=\"elementor-field elementor-size-md  elementor-field-textual\" placeholder=\"Numer telefonu\" required=\"required\" pattern=\"[0-9()#&amp;+*-=.]+\" title=\"Akceptowane s\u0105 jedynie cyfry i znaki telefoniczne (#,-,*).\">\n\n\t\t\t\t\t\t<\/div>\n\t\t\t\t\t\t\t\t<div class=\"elementor-field-type-text elementor-field-group elementor-column elementor-field-group-field_c505ebe elementor-col-50\">\n\t\t\t\t\t\t\t\t\t\t\t\t<label for=\"form-field-field_c505ebe\" class=\"elementor-field-label\">\n\t\t\t\t\t\t\t\tNumer PWZ\t\t\t\t\t\t\t<\/label>\n\t\t\t\t\t\t\t\t\t\t\t\t\t\t<input size=\"1\" type=\"text\" name=\"form_fields[field_c505ebe]\" id=\"form-field-field_c505ebe\" class=\"elementor-field elementor-size-md  elementor-field-textual\" placeholder=\"Numer PWZ\">\n\t\t\t\t\t\t\t\t\t\t\t<\/div>\n\t\t\t\t\t\t\t\t<div class=\"elementor-field-type-select elementor-field-group elementor-column elementor-field-group-field_6869dda elementor-col-50\">\n\t\t\t\t\t\t\t\t\t\t\t\t<label for=\"form-field-field_6869dda\" class=\"elementor-field-label\">\n\t\t\t\t\t\t\t\tJe\u015bli nie masz numeru PWZ wybierz opcj\u0119:\t\t\t\t\t\t\t<\/label>\n\t\t\t\t\t\t\t\t<div class=\"elementor-field elementor-select-wrapper remove-before \">\n\t\t\t<div class=\"select-caret-down-wrapper\">\n\t\t\t\t<svg aria-hidden=\"true\" class=\"e-font-icon-svg e-eicon-caret-down\" viewBox=\"0 0 571.4 571.4\" xmlns=\"http:\/\/www.w3.org\/2000\/svg\"><path d=\"M571 393Q571 407 561 418L311 668Q300 679 286 679T261 668L11 418Q0 407 0 393T11 368 36 357H536Q550 357 561 368T571 393Z\"><\/path><\/svg>\t\t\t<\/div>\n\t\t\t<select name=\"form_fields[field_6869dda]\" id=\"form-field-field_6869dda\" class=\"elementor-field-textual elementor-size-md\">\n\t\t\t\t\t\t\t\t\t<option value=\"Dietetyk\">Dietetyk<\/option>\n\t\t\t\t\t\t\t\t\t<option value=\"Psycholog\">Psycholog<\/option>\n\t\t\t\t\t\t\t\t\t<option value=\"Inne\">Inne<\/option>\n\t\t\t\t\t\t\t<\/select>\n\t\t<\/div>\n\t\t\t\t\t\t<\/div>\n\t\t\t\t\t\t\t\t<div class=\"elementor-field-type-acceptance elementor-field-group elementor-column elementor-field-group-field_0f8a484 elementor-col-100 elementor-field-required\">\n\t\t\t\t\t\t\t<div class=\"elementor-field-subgroup\">\n\t\t\t<span class=\"elementor-field-option\">\n\t\t\t\t<input type=\"checkbox\" name=\"form_fields[field_0f8a484]\" id=\"form-field-field_0f8a484\" class=\"elementor-field elementor-size-md  elementor-acceptance-field\" required=\"required\">\n\t\t\t\t<label for=\"form-field-field_0f8a484\">Wyra\u017cam zgod\u0119 na przetwarzanie moich danych osobowych przez Grup\u0119 NeoArt, 02-819 Warszawa, ul. Pu\u0142awska 314 w zakresie niezb\u0119dnym do realizacji uczestnictwa w konferencji Warszawska Wiosna Bariatryczna. Zapozna\u0142am\/zapozna\u0142em si\u0119 z Polityk\u0105 prywatno\u015bci. Podanie danych jest dobrowolne, brak zgody na ich przetwarzanie w\/w zakresie uniemo\u017cliwi udzia\u0142 w konferencji.<\/label>\t\t\t<\/span>\n\t\t<\/div>\n\t\t\t\t\t\t<\/div>\n\t\t\t\t\t\t\t\t<div class=\"elementor-field-type-acceptance elementor-field-group elementor-column elementor-field-group-field_5b249e7 elementor-col-100\">\n\t\t\t\t\t\t\t<div class=\"elementor-field-subgroup\">\n\t\t\t<span class=\"elementor-field-option\">\n\t\t\t\t<input type=\"checkbox\" name=\"form_fields[field_5b249e7]\" id=\"form-field-field_5b249e7\" class=\"elementor-field elementor-size-md  elementor-acceptance-field\">\n\t\t\t\t<label for=\"form-field-field_5b249e7\">Wyra\u017cam zgod\u0119 na przes\u0142anie przez Grup\u0119 NeoArt powiadomie\u0144 drog\u0105 elektroniczn\u0105 w postaci wiadomo\u015bci e-mail, wiadomo\u015bci tekstowej sms w zakresie realizowanych przedsi\u0119wzi\u0119\u0107 typu sympozja, konferencje, webinaria, szkolenia online. Zapozna\u0142em si\u0119 z postanowieniami Polityki prywatno\u015bci.<\/label>\t\t\t<\/span>\n\t\t<\/div>\n\t\t\t\t\t\t<\/div>\n\t\t\t\t\t\t\t\t<div class=\"elementor-field-group elementor-column elementor-field-type-submit elementor-col-100 e-form__buttons\">\n\t\t\t\t\t<button class=\"elementor-button elementor-size-md\" type=\"submit\">\n\t\t\t\t\t\t<span class=\"elementor-button-content-wrapper\">\n\t\t\t\t\t\t\t\t\t\t\t\t\t\t\t<span class=\"elementor-button-icon\">\n\t\t\t\t\t\t\t\t\t<svg aria-hidden=\"true\" class=\"e-font-icon-svg e-far-envelope\" viewBox=\"0 0 512 512\" xmlns=\"http:\/\/www.w3.org\/2000\/svg\"><path d=\"M464 64H48C21.49 64 0 85.49 0 112v288c0 26.51 21.49 48 48 48h416c26.51 0 48-21.49 48-48V112c0-26.51-21.49-48-48-48zm0 48v40.805c-22.422 18.259-58.168 46.651-134.587 106.49-16.841 13.247-50.201 45.072-73.413 44.701-23.208.375-56.579-31.459-73.413-44.701C106.18 199.465 70.425 171.067 48 152.805V112h416zM48 400V214.398c22.914 18.251 55.409 43.862 104.938 82.646 21.857 17.205 60.134 55.186 103.062 54.955 42.717.231 80.509-37.199 103.053-54.947 49.528-38.783 82.032-64.401 104.947-82.653V400H48z\"><\/path><\/svg>\t\t\t\t\t\t\t\t\t\t\t\t\t\t\t\t\t<\/span>\n\t\t\t\t\t\t\t\t\t\t\t\t\t\t\t\t\t\t\t\t\t\t<span class=\"elementor-button-text\">Zarejestruj<\/span>\n\t\t\t\t\t\t\t\t\t\t\t\t\t<\/span>\n\t\t\t\t\t<\/button>\n\t\t\t\t<\/div>\n\t\t\t<\/div>\n\t\t<\/form>\n\t\t\t\t\t\t<\/div>\n\t\t\t\t\t<\/div>\n\t\t<\/div>\n\t\t\t\t<div class=\"elementor-column elementor-col-50 elementor-top-column elementor-element elementor-element-13b3d4ed elementor-invisible\" data-id=\"13b3d4ed\" data-element_type=\"column\" data-e-type=\"column\" data-settings=\"{&quot;animation&quot;:&quot;fadeInRight&quot;}\">\n\t\t\t<div class=\"elementor-widget-wrap elementor-element-populated\">\n\t\t\t\t\t\t<div class=\"elementor-element elementor-element-f220649 elementor-widget elementor-widget-heading\" data-id=\"f220649\" data-element_type=\"widget\" data-e-type=\"widget\" data-widget_type=\"heading.default\">\n\t\t\t\t\t<h2 class=\"elementor-heading-title elementor-size-default\">Informacje dodatkowe<\/h2>\t\t\t\t<\/div>\n\t\t\t\t<div class=\"elementor-element elementor-element-549516e1 elementor-widget elementor-widget-text-editor\" data-id=\"549516e1\" data-element_type=\"widget\" data-e-type=\"widget\" data-widget_type=\"text-editor.default\">\n\t\t\t\t\t\t\t\t\t<p>W przypadku zainteresowania noclegiem w miejscu konferencji \u2013 Hotel Novotel Airport \u2013 informujemy, i\u017c dla wszystkich uczestnik\u00f3w WWB 2026 przygotowane zosta\u0142y preferencyjne stawki noclegi \u2013 pok\u00f3j jednoosobowy 450 z\u0142\/doba, pok\u00f3j dwuosobowy 500 z\u0142\/doba. Cena za nocleg uwzgl\u0119dnia \u015bniadanie.<\/p>\t\t\t\t\t\t\t\t<\/div>\n\t\t\t\t<div class=\"elementor-element elementor-element-5ccefe4 elementor-widget elementor-widget-text-editor\" data-id=\"5ccefe4\" data-element_type=\"widget\" data-e-type=\"widget\" data-widget_type=\"text-editor.default\">\n\t\t\t\t\t\t\t\t\t<p>Przy dokonywaniu rezerwacji prosimy o podanie has\u0142a Warszawska Wiosna Bariatryczna. Rezerwacji mog\u0105 Pa\u0144stwo dokonywa\u0107 mailowo lub telefonicznie:<\/p><p><a href=\"mailto:h0527-re@accor.com\">e-mail: h0527-re@accor.com<\/a> lub +48 22 5756111 +48 22 5756112<\/p>\t\t\t\t\t\t\t\t<\/div>\n\t\t\t\t<div class=\"elementor-element elementor-element-1ff68cc5 elementor-widget-divider--view-line elementor-widget elementor-widget-divider\" data-id=\"1ff68cc5\" data-element_type=\"widget\" data-e-type=\"widget\" data-widget_type=\"divider.default\">\n\t\t\t\t\t\t\t<div class=\"elementor-divider\">\n\t\t\t<span class=\"elementor-divider-separator\">\n\t\t\t\t\t\t<\/span>\n\t\t<\/div>\n\t\t\t\t\t\t<\/div>\n\t\t\t\t<div class=\"elementor-element elementor-element-5cdd0fa0 elementor-widget-divider--view-line elementor-widget elementor-widget-divider\" data-id=\"5cdd0fa0\" data-element_type=\"widget\" data-e-type=\"widget\" data-widget_type=\"divider.default\">\n\t\t\t\t\t\t\t<div class=\"elementor-divider\">\n\t\t\t<span class=\"elementor-divider-separator\">\n\t\t\t\t\t\t<\/span>\n\t\t<\/div>\n\t\t\t\t\t\t<\/div>\n\t\t\t\t<div class=\"elementor-element elementor-element-658cee31 elementor-widget elementor-widget-heading\" data-id=\"658cee31\" data-element_type=\"widget\" data-e-type=\"widget\" data-widget_type=\"heading.default\">\n\t\t\t\t\t<h3 class=\"elementor-heading-title elementor-size-default\">Numer konta do wp\u0142at<\/h3>\t\t\t\t<\/div>\n\t\t\t\t<div class=\"elementor-element elementor-element-c7ef694 elementor-widget elementor-widget-text-editor\" data-id=\"c7ef694\" data-element_type=\"widget\" data-e-type=\"widget\" data-widget_type=\"text-editor.default\">\n\t\t\t\t\t\t\t\t\t<p>Wp\u0142aty w wysoko\u015bci 250 z\u0142 prosimy dokonywa\u0107 na poni\u017csze dane:<\/p><p>Grupa NeoArt<br \/>Ul. Pu\u0142awska 314<br \/>02-819 Warszawa<\/p><p>Santander Bank:<\/p><p><strong>58 1090 2590 0000 0001 2271 4720<\/strong><\/p><p>Tytu\u0142em: Udzia\u0142 w Konferencji WWB 2026<\/p><p><strong>UWAGA!!! WA\u017bNE!!!!<\/strong><\/p><p>Je\u017celi zale\u017cy Pa\u0144stwu na fakturze, prosimy w tytule przelewu \u00a0<b>koniecznie umie\u015bci\u0107 nr NIP<\/b>. Faktury b\u0119d\u0105 wysy\u0142ane za pomoc\u0105 KSeF.<\/p><p class=\"v1MsoNormal\">W przeciwnym przypadku faktura zostanie wystawiona na osob\u0119 fizyczn\u0105 zgodnie z danymi bankowymi, <strong>bez mo\u017cliwo\u015bci jej zmiany.<\/strong><\/p><p class=\"v1MsoNormal\">\u00a0<\/p>\t\t\t\t\t\t\t\t<\/div>\n\t\t\t\t\t<\/div>\n\t\t<\/div>\n\t\t\t\t\t<\/div>\n\t\t<\/section>\n\t\t\t\t<\/div>\n\t\t","protected":false},"excerpt":{"rendered":"<p>ZAPRASZAMY DO REJESTRACJI&nbsp; UDZIA\u0141U W KONFERENCJI WARSZAWSKA WIOSNA BARIATRYCZNA w dniach 21-22 maja 2026 r.&nbsp; Zarejestruj udzia\u0142 Warunkiem uczestnictwa w V edycji WWB 2026 jest wniesienie op\u0142aty za udzia\u0142 w Konferencji w wysoko\u015bci 250 z\u0142otych oraz dokonanie rejestracji za pomoc\u0105 poni\u017cej zamieszczonego formularza. Sama rejestracja za pomoc\u0105 formularza bez dokonania w\/w wp\u0142aty nie upowa\u017cnia do [&hellip;]<\/p>\n","protected":false},"author":1,"featured_media":0,"parent":0,"menu_order":0,"comment_status":"closed","ping_status":"closed","template":"","meta":{"footnotes":""},"class_list":["post-116","page","type-page","status-publish","hentry"],"_links":{"self":[{"href":"https:\/\/wiosnabariatryczna.pl\/index.php?rest_route=\/wp\/v2\/pages\/116","targetHints":{"allow":["GET"]}}],"collection":[{"href":"https:\/\/wiosnabariatryczna.pl\/index.php?rest_route=\/wp\/v2\/pages"}],"about":[{"href":"https:\/\/wiosnabariatryczna.pl\/index.php?rest_route=\/wp\/v2\/types\/page"}],"author":[{"embeddable":true,"href":"https:\/\/wiosnabariatryczna.pl\/index.php?rest_route=\/wp\/v2\/users\/1"}],"replies":[{"embeddable":true,"href":"https:\/\/wiosnabariatryczna.pl\/index.php?rest_route=%2Fwp%2Fv2%2Fcomments&post=116"}],"version-history":[{"count":37,"href":"https:\/\/wiosnabariatryczna.pl\/index.php?rest_route=\/wp\/v2\/pages\/116\/revisions"}],"predecessor-version":[{"id":374,"href":"https:\/\/wiosnabariatryczna.pl\/index.php?rest_route=\/wp\/v2\/pages\/116\/revisions\/374"}],"wp:attachment":[{"href":"https:\/\/wiosnabariatryczna.pl\/index.php?rest_route=%2Fwp%2Fv2%2Fmedia&parent=116"}],"curies":[{"name":"wp","href":"https:\/\/api.w.org\/{rel}","templated":true}]}}